{"id":6907,"date":"2022-11-14T12:21:40","date_gmt":"2022-11-14T12:21:40","guid":{"rendered":"https:\/\/certa.uab.cat\/?page_id=6907"},"modified":"2022-11-14T12:26:06","modified_gmt":"2022-11-14T12:26:06","slug":"sistemas-opticos-para-disminuir-el-desperdicio-alimentario-en-la-industria","status":"publish","type":"page","link":"https:\/\/certa.uab.cat\/index.php\/es\/sistemas-opticos-para-disminuir-el-desperdicio-alimentario-en-la-industria\/","title":{"rendered":"Sistemas \u00f3pticos para disminuir el desperdicio alimentario en la industria"},"content":{"rendered":"[vc_row type=&#8221;full_width_content&#8221; full_screen_row_position=&#8221;middle&#8221; equal_height=&#8221;yes&#8221; content_placement=&#8221;middle&#8221; full_height=&#8221;yes&#8221; columns_placement=&#8221;stretch&#8221; scene_position=&#8221;center&#8221; text_color=&#8221;dark&#8221; text_align=&#8221;left&#8221; overlay_strength=&#8221;0.3&#8243; shape_divider_position=&#8221;bottom&#8221; bg_image_animation=&#8221;none&#8221;][vc_column column_padding=&#8221;no-extra-padding&#8221; column_padding_position=&#8221;all&#8221; background_color_opacity=&#8221;1&#8243; background_hover_color_opacity=&#8221;1&#8243; background_image=&#8221;6910&#8243; column_link_target=&#8221;_self&#8221; column_shadow=&#8221;none&#8221; column_border_radius=&#8221;none&#8221; width=&#8221;1\/4&#8243; tablet_width_inherit=&#8221;default&#8221; tablet_text_alignment=&#8221;default&#8221; phone_text_alignment=&#8221;default&#8221; column_border_width=&#8221;none&#8221; column_border_style=&#8221;solid&#8221; bg_image_animation=&#8221;none&#8221;][divider line_type=&#8221;No Line&#8221; custom_height=&#8221;500&#8243;][\/vc_column][vc_column column_padding=&#8221;padding-8-percent&#8221; column_padding_position=&#8221;all&#8221; background_color=&#8221;#f4f4f4&#8243; background_color_opacity=&#8221;1&#8243; background_hover_color_opacity=&#8221;1&#8243; column_link_target=&#8221;_self&#8221; column_shadow=&#8221;none&#8221; column_border_radius=&#8221;none&#8221; width=&#8221;3\/4&#8243; tablet_width_inherit=&#8221;default&#8221; tablet_text_alignment=&#8221;default&#8221; phone_text_alignment=&#8221;default&#8221; column_border_width=&#8221;none&#8221; column_border_style=&#8221;solid&#8221; bg_image_animation=&#8221;none&#8221;][nectar_animated_title heading_tag=&#8221;h5&#8243; style=&#8221;color-strip-reveal&#8221; color=&#8221;Accent-Color&#8221; text=&#8221;Sistemas \u00f3pticos&#8221;][vc_custom_heading text=&#8221;Sistemas \u00f3pticos para disminuir el desperdicio alimentario en la industria&#8221; font_container=&#8221;tag:h2|font_size:42|text_align:left|line_height:52px&#8221; use_theme_fonts=&#8221;yes&#8221;][vc_column_text css=&#8221;.vc_custom_1668428636528{margin-top: 30px !important;margin-bottom: 30px !important;}&#8221;]La soluci\u00f3n propuesta por nuestro grupo se centra en reducir las p\u00e9rdidas de la industria alimentaria en la fase de producci\u00f3n, en particular, de los sectores l\u00e1cteos y c\u00e1rnicos. La FAO establece que el 38% del consumo total de energ\u00eda en el sistema alimentario mundial se utiliza para producir alimentos que se pierden o se estropean, haciendo evidente que las disminuir los desperdicios es clave para reducir la huella ecol\u00f3gica del sector.<\/p>\n<p>Se dispone de sistemas \u00f3pticos capaces de reducir la p\u00e9rdida de s\u00f3lidos durante la producci\u00f3n de quesos, en particular a trav\u00e9s del control de la firmeza de la cuajada y\/o la sin\u00e9resis, as\u00ed como controlando cambios en la materia prima, como el tama\u00f1o de las micelas de case\u00edna, o bien la capacidad emulsionante y espumante de las prote\u00ednas del suero. Tambi\u00e9n se aplica en la cocci\u00f3n de emulsiones c\u00e1rnicas para reducir las mermas.<\/p>\n<p>El sistema se basa en un conjunto de sensores de fibra \u00f3ptica a medida, realizados por encargo, que permiten ser utilizados a nivel de laboratorio e incorporados en los equipos industriales. Por primera vez se introduce una tecnolog\u00eda de este tipo que se puede configurar inline, la cual, adem\u00e1s, es m\u00e1s econ\u00f3mica y r\u00e1pida que las existentes actualmente en el mercado y permite tomas de decisi\u00f3n y rectificaciones durante el proceso de producci\u00f3n. Esta optimizaci\u00f3n de procesos aporta como beneficio adicional una disminuci\u00f3n de los consumos energ\u00e9ticos.<\/p>\n<p>Actualmente han manifestado inter\u00e9s por nuestra soluci\u00f3n diversas empresas productoras de alimentos (end-users), empresas fabricantes de maquinaria para la industria agroalimentaria, as\u00ed como empresas integradoras y de fot\u00f3nica.[\/vc_column_text][\/vc_column][\/vc_row]\n","protected":false},"excerpt":{"rendered":"<p>[vc_row type=&#8221;full_width_content&#8221; full_screen_row_position=&#8221;middle&#8221; equal_height=&#8221;yes&#8221; content_placement=&#8221;middle&#8221; full_height=&#8221;yes&#8221; columns_placement=&#8221;stretch&#8221; scene_position=&#8221;center&#8221; text_color=&#8221;dark&#8221; text_align=&#8221;left&#8221; overlay_strength=&#8221;0.3&#8243; shape_divider_position=&#8221;bottom&#8221; bg_image_animation=&#8221;none&#8221;][vc_column column_padding=&#8221;no-extra-padding&#8221; column_padding_position=&#8221;all&#8221; background_color_opacity=&#8221;1&#8243; background_hover_color_opacity=&#8221;1&#8243; background_image=&#8221;6910&#8243; column_link_target=&#8221;_self&#8221; column_shadow=&#8221;none&#8221; column_border_radius=&#8221;none&#8221; width=&#8221;1\/4&#8243; tablet_width_inherit=&#8221;default&#8221; tablet_text_alignment=&#8221;default&#8221; phone_text_alignment=&#8221;default&#8221;&#8230;<\/p>\n","protected":false},"author":3,"featured_media":0,"parent":0,"menu_order":0,"comment_status":"closed","ping_status":"closed","template":"","meta":[],"aioseo_notices":[],"_links":{"self":[{"href":"https:\/\/certa.uab.cat\/index.php\/wp-json\/wp\/v2\/pages\/6907"}],"collection":[{"href":"https:\/\/certa.uab.cat\/index.php\/wp-json\/wp\/v2\/pages"}],"about":[{"href":"https:\/\/certa.uab.cat\/index.php\/wp-json\/wp\/v2\/types\/page"}],"author":[{"embeddable":true,"href":"https:\/\/certa.uab.cat\/index.php\/wp-json\/wp\/v2\/users\/3"}],"replies":[{"embeddable":true,"href":"https:\/\/certa.uab.cat\/index.php\/wp-json\/wp\/v2\/comments?post=6907"}],"version-history":[{"count":4,"href":"https:\/\/certa.uab.cat\/index.php\/wp-json\/wp\/v2\/pages\/6907\/revisions"}],"predecessor-version":[{"id":6915,"href":"https:\/\/certa.uab.cat\/index.php\/wp-json\/wp\/v2\/pages\/6907\/revisions\/6915"}],"wp:attachment":[{"href":"https:\/\/certa.uab.cat\/index.php\/wp-json\/wp\/v2\/media?parent=6907"}],"curies":[{"name":"wp","href":"https:\/\/api.w.org\/{rel}","templated":true}]}}