{"id":6894,"date":"2022-11-14T12:04:52","date_gmt":"2022-11-14T12:04:52","guid":{"rendered":"https:\/\/certa.uab.cat\/?page_id=6894"},"modified":"2022-11-14T12:13:36","modified_gmt":"2022-11-14T12:13:36","slug":"sistemes-optics-per-optimitzar-la-produccio-daliments-saludables-i-sostenibles","status":"publish","type":"page","link":"https:\/\/certa.uab.cat\/index.php\/que-oferim\/sistemes-optics\/sistemes-optics-per-optimitzar-la-produccio-daliments-saludables-i-sostenibles\/","title":{"rendered":"Sistemes \u00f2ptics per optimitzar la producci\u00f3 d&#8217;aliments saludables i sostenibles"},"content":{"rendered":"[vc_row type=&#8221;full_width_content&#8221; full_screen_row_position=&#8221;middle&#8221; equal_height=&#8221;yes&#8221; content_placement=&#8221;middle&#8221; full_height=&#8221;yes&#8221; columns_placement=&#8221;stretch&#8221; scene_position=&#8221;center&#8221; text_color=&#8221;dark&#8221; text_align=&#8221;left&#8221; overlay_strength=&#8221;0.3&#8243; shape_divider_position=&#8221;bottom&#8221; bg_image_animation=&#8221;none&#8221;][vc_column column_padding=&#8221;no-extra-padding&#8221; column_padding_position=&#8221;all&#8221; background_color_opacity=&#8221;1&#8243; background_hover_color_opacity=&#8221;1&#8243; background_image=&#8221;6884&#8243; column_link_target=&#8221;_self&#8221; column_shadow=&#8221;none&#8221; column_border_radius=&#8221;none&#8221; width=&#8221;1\/4&#8243; tablet_width_inherit=&#8221;default&#8221; tablet_text_alignment=&#8221;default&#8221; phone_text_alignment=&#8221;default&#8221; column_border_width=&#8221;none&#8221; column_border_style=&#8221;solid&#8221; bg_image_animation=&#8221;none&#8221;][divider line_type=&#8221;No Line&#8221; custom_height=&#8221;500&#8243;][\/vc_column][vc_column column_padding=&#8221;padding-8-percent&#8221; column_padding_position=&#8221;all&#8221; background_color=&#8221;#f4f4f4&#8243; background_color_opacity=&#8221;1&#8243; background_hover_color_opacity=&#8221;1&#8243; column_link_target=&#8221;_self&#8221; column_shadow=&#8221;none&#8221; column_border_radius=&#8221;none&#8221; width=&#8221;3\/4&#8243; tablet_width_inherit=&#8221;default&#8221; tablet_text_alignment=&#8221;default&#8221; phone_text_alignment=&#8221;default&#8221; column_border_width=&#8221;none&#8221; column_border_style=&#8221;solid&#8221; bg_image_animation=&#8221;none&#8221;][nectar_animated_title heading_tag=&#8221;h5&#8243; style=&#8221;color-strip-reveal&#8221; color=&#8221;Accent-Color&#8221; text=&#8221;Sistemes \u00f2ptics&#8221;][vc_custom_heading text=&#8221;Sistemes \u00f2ptics per optimitzar la producci\u00f3 d&#8217;aliments saludables i sostenibles&#8221; font_container=&#8221;tag:h2|font_size:42|text_align:left|line_height:52px&#8221; use_theme_fonts=&#8221;yes&#8221;][vc_column_text css=&#8221;.vc_custom_1668427354704{margin-top: 30px !important;margin-bottom: 30px !important;}&#8221;]La producci\u00f3 responsable d&#8217;aliments, que avui en dia exigeix \u200b\u200bla societat, implica que aquests siguin saludables i sostenibles, requerint un esfor\u00e7 continu per maximitzar la qualitat i la innocu\u00eftat del producte final, millorant l&#8217;homogene\u00eftat entre lots i reduint el malbaratament, l&#8217;\u00fas d&#8217;additius, el cost energ\u00e8tic, el consum tant d\u00b4aigua com de mat\u00e8ries primeres i la generaci\u00f3 de subproductes. La soluci\u00f3 proposada pel nostre grup es basa precisament en optimitzar processos de la ind\u00fastria aliment\u00e0ria que contribueixin a la millora de la qualitat nutricional, textural i organol\u00e8ptica dels aliments, en particular, dels sectors lactic i carnic, per tal de facilitar la producci\u00f3 d&#8217; aliments saludables i sostenibles.<br \/>\nEs disposa de sistemes \u00f2ptics capa\u00e7os de reduir la p\u00e8rdua de s\u00f2lids durant la producci\u00f3 de formatges, en particular a trav\u00e9s del control de la fermesa de la quallada i\/o la sin\u00e8resi, aix\u00ed com controlant canvis en la mat\u00e8ria primera, tals com la mida de les micel\u00b7les de case\u00efna, o b\u00e9 la capacitat emulsionant i escumant de les prote\u00efnes del s\u00e8rum. Tamb\u00e9 s&#8217;aplica a la cocci\u00f3 d&#8217;emulsions carniques per reduir les minves.<br \/>\nEl sistema es basa en un conjunt de sensors de fibra \u00f2ptica a mida, realitzats per enc\u00e0rrec, que permeten ser utilitzats a nivell de laboratori i incorporats als equips industrials. Per primera vegada s&#8217;introdueix una tecnologia d&#8217;aquest tipus que es pot configurar en l\u00ednea, cosa que la fa m\u00e9s\u00a0econ\u00f2mica i r\u00e0pida que les existents actualment al mercat i permet preses de decisi\u00f3 i rectificacions durant el proc\u00e9s de producci\u00f3. Aquesta optimitzaci\u00f3 de processos aporta com a benefici la producci\u00f3 d&#8217;aliments saludables, sostenibles i rendibles.<br \/>\nActualment, han manifestat inter\u00e9s per la nostra soluci\u00f3 diverses empreses productores d&#8217;aliments (end-users), empreses fabricants de maquin\u00e0ria per a la ind\u00fastria agroaliment\u00e0ria, aix\u00ed com empreses integradores i fot\u00f2niques.[\/vc_column_text][\/vc_column][\/vc_row]\n","protected":false},"excerpt":{"rendered":"<p>[vc_row type=&#8221;full_width_content&#8221; full_screen_row_position=&#8221;middle&#8221; equal_height=&#8221;yes&#8221; content_placement=&#8221;middle&#8221; full_height=&#8221;yes&#8221; columns_placement=&#8221;stretch&#8221; scene_position=&#8221;center&#8221; text_color=&#8221;dark&#8221; text_align=&#8221;left&#8221; overlay_strength=&#8221;0.3&#8243; shape_divider_position=&#8221;bottom&#8221; bg_image_animation=&#8221;none&#8221;][vc_column column_padding=&#8221;no-extra-padding&#8221; column_padding_position=&#8221;all&#8221; background_color_opacity=&#8221;1&#8243; background_hover_color_opacity=&#8221;1&#8243; background_image=&#8221;6884&#8243; column_link_target=&#8221;_self&#8221; column_shadow=&#8221;none&#8221; column_border_radius=&#8221;none&#8221; width=&#8221;1\/4&#8243; tablet_width_inherit=&#8221;default&#8221; tablet_text_alignment=&#8221;default&#8221; phone_text_alignment=&#8221;default&#8221;&#8230;<\/p>\n","protected":false},"author":3,"featured_media":0,"parent":6886,"menu_order":0,"comment_status":"closed","ping_status":"closed","template":"","meta":[],"aioseo_notices":[],"_links":{"self":[{"href":"https:\/\/certa.uab.cat\/index.php\/wp-json\/wp\/v2\/pages\/6894"}],"collection":[{"href":"https:\/\/certa.uab.cat\/index.php\/wp-json\/wp\/v2\/pages"}],"about":[{"href":"https:\/\/certa.uab.cat\/index.php\/wp-json\/wp\/v2\/types\/page"}],"author":[{"embeddable":true,"href":"https:\/\/certa.uab.cat\/index.php\/wp-json\/wp\/v2\/users\/3"}],"replies":[{"embeddable":true,"href":"https:\/\/certa.uab.cat\/index.php\/wp-json\/wp\/v2\/comments?post=6894"}],"version-history":[{"count":2,"href":"https:\/\/certa.uab.cat\/index.php\/wp-json\/wp\/v2\/pages\/6894\/revisions"}],"predecessor-version":[{"id":6896,"href":"https:\/\/certa.uab.cat\/index.php\/wp-json\/wp\/v2\/pages\/6894\/revisions\/6896"}],"up":[{"embeddable":true,"href":"https:\/\/certa.uab.cat\/index.php\/wp-json\/wp\/v2\/pages\/6886"}],"wp:attachment":[{"href":"https:\/\/certa.uab.cat\/index.php\/wp-json\/wp\/v2\/media?parent=6894"}],"curies":[{"name":"wp","href":"https:\/\/api.w.org\/{rel}","templated":true}]}}