{"id":6421,"date":"2019-10-31T09:46:08","date_gmt":"2019-10-31T09:46:08","guid":{"rendered":"https:\/\/certa.uab.cat\/?page_id=6421"},"modified":"2022-12-05T11:51:01","modified_gmt":"2022-12-05T11:51:01","slug":"que-ofrecemos","status":"publish","type":"page","link":"https:\/\/certa.uab.cat\/index.php\/es\/que-ofrecemos\/","title":{"rendered":"Qu\u00e9 ofrecemos"},"content":{"rendered":"[vc_row type=&#8221;full_width_background&#8221; full_screen_row_position=&#8221;middle&#8221; equal_height=&#8221;yes&#8221; content_placement=&#8221;middle&#8221; bg_image=&#8221;5905&#8243; bg_position=&#8221;center center&#8221; bg_repeat=&#8221;no-repeat&#8221; scene_position=&#8221;center&#8221; text_color=&#8221;light&#8221; text_align=&#8221;left&#8221; top_padding=&#8221;8%&#8221; bottom_padding=&#8221;8%&#8221; color_overlay=&#8221;rgba(10,6,6,0.84)&#8221; overlay_strength=&#8221;0.5&#8243; shape_divider_position=&#8221;bottom&#8221; bg_image_animation=&#8221;none&#8221; parallax_bg=&#8221;true&#8221; parallax_bg_speed=&#8221;slow&#8221; shape_type=&#8221;&#8221;][vc_column column_padding=&#8221;no-extra-padding&#8221; column_padding_position=&#8221;all&#8221; background_color_opacity=&#8221;1&#8243; background_hover_color_opacity=&#8221;1&#8243; column_link_target=&#8221;_self&#8221; column_shadow=&#8221;none&#8221; column_border_radius=&#8221;none&#8221; width=&#8221;1\/1&#8243; tablet_width_inherit=&#8221;default&#8221; tablet_text_alignment=&#8221;default&#8221; phone_text_alignment=&#8221;default&#8221; column_border_width=&#8221;none&#8221; column_border_style=&#8221;solid&#8221; bg_image_animation=&#8221;none&#8221;][vc_row_inner column_margin=&#8221;default&#8221; text_align=&#8221;left&#8221;][vc_column_inner column_padding=&#8221;no-extra-padding&#8221; column_padding_position=&#8221;all&#8221; background_color_opacity=&#8221;1&#8243; background_hover_color_opacity=&#8221;1&#8243; column_shadow=&#8221;none&#8221; column_border_radius=&#8221;none&#8221; column_link_target=&#8221;_self&#8221; width=&#8221;1\/6&#8243; tablet_width_inherit=&#8221;default&#8221; column_border_width=&#8221;none&#8221; column_border_style=&#8221;solid&#8221; bg_image_animation=&#8221;none&#8221;][\/vc_column_inner][vc_column_inner column_padding=&#8221;padding-2-percent&#8221; column_padding_position=&#8221;left-right&#8221; centered_text=&#8221;true&#8221; background_color_opacity=&#8221;1&#8243; background_hover_color_opacity=&#8221;1&#8243; column_shadow=&#8221;none&#8221; column_border_radius=&#8221;none&#8221; column_link_target=&#8221;_self&#8221; width=&#8221;2\/3&#8243; tablet_width_inherit=&#8221;default&#8221; column_border_width=&#8221;none&#8221; column_border_style=&#8221;solid&#8221; bg_image_animation=&#8221;none&#8221;][vc_custom_heading text=&#8221;Oferta tecnol\u00f3gica&#8221; font_container=&#8221;tag:h2|font_size:52|text_align:center|line_height:52px&#8221; use_theme_fonts=&#8221;yes&#8221; css_animation=&#8221;fadeInUp&#8221;][\/vc_column_inner][vc_column_inner column_padding=&#8221;no-extra-padding&#8221; column_padding_position=&#8221;all&#8221; background_color_opacity=&#8221;1&#8243; background_hover_color_opacity=&#8221;1&#8243; column_shadow=&#8221;none&#8221; column_border_radius=&#8221;none&#8221; column_link_target=&#8221;_self&#8221; width=&#8221;1\/6&#8243; tablet_width_inherit=&#8221;default&#8221; column_border_width=&#8221;none&#8221; column_border_style=&#8221;solid&#8221; bg_image_animation=&#8221;none&#8221;][\/vc_column_inner][\/vc_row_inner][\/vc_column][\/vc_row][vc_row type=&#8221;in_container&#8221; full_screen_row_position=&#8221;middle&#8221; scene_position=&#8221;center&#8221; text_color=&#8221;dark&#8221; text_align=&#8221;left&#8221; top_padding=&#8221;5%&#8221; bottom_padding=&#8221;5%&#8221; overlay_strength=&#8221;0.3&#8243; shape_divider_position=&#8221;bottom&#8221; bg_image_animation=&#8221;none&#8221; shape_type=&#8221;&#8221;][vc_column column_padding=&#8221;no-extra-padding&#8221; column_padding_position=&#8221;all&#8221; background_color_opacity=&#8221;1&#8243; background_hover_color_opacity=&#8221;1&#8243; column_link_target=&#8221;_self&#8221; column_shadow=&#8221;none&#8221; column_border_radius=&#8221;none&#8221; width=&#8221;1\/6&#8243; tablet_width_inherit=&#8221;default&#8221; tablet_text_alignment=&#8221;default&#8221; phone_text_alignment=&#8221;default&#8221; column_border_width=&#8221;none&#8221; column_border_style=&#8221;solid&#8221; bg_image_animation=&#8221;none&#8221;][\/vc_column][vc_column column_padding=&#8221;no-extra-padding&#8221; column_padding_position=&#8221;all&#8221; background_color_opacity=&#8221;1&#8243; background_hover_color_opacity=&#8221;1&#8243; column_link_target=&#8221;_self&#8221; column_shadow=&#8221;none&#8221; column_border_radius=&#8221;none&#8221; width=&#8221;2\/3&#8243; tablet_width_inherit=&#8221;default&#8221; tablet_text_alignment=&#8221;default&#8221; phone_text_alignment=&#8221;default&#8221; column_border_width=&#8221;none&#8221; column_border_style=&#8221;solid&#8221; bg_image_animation=&#8221;none&#8221;][vc_column_text]\n<p style=\"text-align: center;\">Desarrollamos soluciones integrales para la industria, partiendo desde la idea o concepto del alimento, su formulaci\u00f3n inicial, el procesado y elaboraci\u00f3n en planta piloto, hasta su envasado y estudios de vida \u00fatil y aceptabilidad por los consumidores.<\/p>\n[\/vc_column_text][divider line_type=&#8221;No Line&#8221; custom_height=&#8221;20&#8243;][vc_custom_heading text=&#8221;Vinculamos los servicios de Asesoramiento, Laboratorio, Planta Piloto y Validaci\u00f3n final del nuevo producto o proceso.&#8221; font_container=&#8221;tag:h3|text_align:center&#8221; use_theme_fonts=&#8221;yes&#8221;][\/vc_column][vc_column column_padding=&#8221;no-extra-padding&#8221; column_padding_position=&#8221;all&#8221; background_color_opacity=&#8221;1&#8243; background_hover_color_opacity=&#8221;1&#8243; column_link_target=&#8221;_self&#8221; column_shadow=&#8221;none&#8221; column_border_radius=&#8221;none&#8221; width=&#8221;1\/6&#8243; tablet_width_inherit=&#8221;default&#8221; tablet_text_alignment=&#8221;default&#8221; phone_text_alignment=&#8221;default&#8221; column_border_width=&#8221;none&#8221; column_border_style=&#8221;solid&#8221; bg_image_animation=&#8221;none&#8221;][\/vc_column][\/vc_row][vc_row type=&#8221;in_container&#8221; full_screen_row_position=&#8221;middle&#8221; equal_height=&#8221;yes&#8221; content_placement=&#8221;middle&#8221; scene_position=&#8221;center&#8221; text_color=&#8221;light&#8221; text_align=&#8221;left&#8221; overlay_strength=&#8221;0.3&#8243; shape_divider_position=&#8221;bottom&#8221; bg_image_animation=&#8221;none&#8221; shape_type=&#8221;&#8221;][vc_column centered_text=&#8221;true&#8221; column_padding=&#8221;padding-8-percent&#8221; column_padding_position=&#8221;all&#8221; background_color=&#8221;#2d2d2d&#8221; background_color_opacity=&#8221;0.6&#8243; background_hover_color_opacity=&#8221;0.6&#8243; background_image=&#8221;6041&#8243; enable_bg_scale=&#8221;true&#8221; column_link_target=&#8221;_self&#8221; column_shadow=&#8221;none&#8221; column_border_radius=&#8221;none&#8221; width=&#8221;1\/3&#8243; tablet_width_inherit=&#8221;default&#8221; tablet_text_alignment=&#8221;default&#8221; phone_text_alignment=&#8221;default&#8221; column_border_width=&#8221;none&#8221; column_border_style=&#8221;solid&#8221; bg_image_animation=&#8221;none&#8221; enable_animation=&#8221;true&#8221; animation=&#8221;grow-in&#8221;][vc_custom_heading text=&#8221;Qu\u00e9 ofrecemos&#8221; font_container=&#8221;tag:h5|text_align:center|color:rgba(255%2C255%2C255%2C0.7)&#8221; use_theme_fonts=&#8221;yes&#8221;][vc_custom_heading text=&#8221;Asesor\u00eda&#8221; font_container=&#8221;tag:h4|text_align:center&#8221; use_theme_fonts=&#8221;yes&#8221;][nectar_btn size=&#8221;large&#8221; button_style=&#8221;see-through-2&#8243; hover_text_color_override=&#8221;#ffffff&#8221; icon_family=&#8221;none&#8221; url=&#8221;\/index.php\/es\/que-ofrecemos\/asesoria\/&#8221; text=&#8221;SABER M\u00c1S&#8221; margin_top=&#8221;25&#8243;][\/vc_column][vc_column centered_text=&#8221;true&#8221; column_padding=&#8221;padding-8-percent&#8221; column_padding_position=&#8221;all&#8221; background_color=&#8221;#0a0a0a&#8221; background_color_opacity=&#8221;0.3&#8243; background_color_hover=&#8221;#0a0a0a&#8221; background_hover_color_opacity=&#8221;0.3&#8243; background_image=&#8221;6036&#8243; enable_bg_scale=&#8221;true&#8221; column_link_target=&#8221;_self&#8221; column_shadow=&#8221;none&#8221; column_border_radius=&#8221;none&#8221; width=&#8221;1\/3&#8243; tablet_width_inherit=&#8221;default&#8221; tablet_text_alignment=&#8221;default&#8221; phone_text_alignment=&#8221;default&#8221; column_border_width=&#8221;none&#8221; column_border_style=&#8221;solid&#8221; bg_image_animation=&#8221;none&#8221; enable_animation=&#8221;true&#8221; animation=&#8221;grow-in&#8221; delay=&#8221;50&#8243;][vc_custom_heading text=&#8221;Qu\u00e9 ofrecemos&#8221; font_container=&#8221;tag:h5|text_align:center|color:rgba(255%2C255%2C255%2C0.7)&#8221; use_theme_fonts=&#8221;yes&#8221;][vc_custom_heading text=&#8221;Obtenci\u00f3n de alimentos l\u00edquidos conservables a temperatura ambiente y estables sin aditivos. Tratamiento de homogeneizaci\u00f3n por Ultra Alta Presi\u00f3n (UHPH)&#8221; font_container=&#8221;tag:h4|text_align:center&#8221; use_theme_fonts=&#8221;yes&#8221;][nectar_btn size=&#8221;large&#8221; button_style=&#8221;see-through-2&#8243; hover_text_color_override=&#8221;#ffffff&#8221; icon_family=&#8221;none&#8221; url=&#8221;\/index.php\/es\/que-ofrecemos\/obtencion-de-alimentos-liquidos\/&#8221; text=&#8221;SABER M\u00c1S&#8221; margin_top=&#8221;25&#8243;][\/vc_column][vc_column centered_text=&#8221;true&#8221; column_padding=&#8221;padding-8-percent&#8221; column_padding_position=&#8221;all&#8221; background_color=&#8221;#2d2d2d&#8221; background_color_opacity=&#8221;0.7&#8243; background_hover_color_opacity=&#8221;0.7&#8243; background_image=&#8221;6112&#8243; enable_bg_scale=&#8221;true&#8221; column_link_target=&#8221;_self&#8221; column_shadow=&#8221;none&#8221; column_border_radius=&#8221;none&#8221; width=&#8221;1\/3&#8243; tablet_width_inherit=&#8221;default&#8221; tablet_text_alignment=&#8221;default&#8221; phone_text_alignment=&#8221;default&#8221; column_border_width=&#8221;none&#8221; column_border_style=&#8221;solid&#8221; bg_image_animation=&#8221;none&#8221; enable_animation=&#8221;true&#8221; animation=&#8221;grow-in&#8221; delay=&#8221;100&#8243;][vc_custom_heading text=&#8221;Qu\u00e9 ofrecemos&#8221; font_container=&#8221;tag:h5|text_align:center|color:rgba(255%2C255%2C255%2C0.7)&#8221; use_theme_fonts=&#8221;yes&#8221;][vc_custom_heading text=&#8221;Desarrollo de quesos bajos en grasa y\/o sal con caracter\u00edsticas organol\u00e9pticas mejoradas&#8221; font_container=&#8221;tag:h4|text_align:center&#8221; use_theme_fonts=&#8221;yes&#8221;][nectar_btn size=&#8221;large&#8221; button_style=&#8221;see-through-2&#8243; hover_text_color_override=&#8221;#ffffff&#8221; icon_family=&#8221;none&#8221; url=&#8221;\/index.php\/es\/que-ofrecemos\/quesos-bajos-en-grasa\/&#8221; text=&#8221;SABER M\u00c1S&#8221; margin_top=&#8221;25&#8243;][\/vc_column][\/vc_row][vc_row type=&#8221;in_container&#8221; full_screen_row_position=&#8221;middle&#8221; equal_height=&#8221;yes&#8221; content_placement=&#8221;middle&#8221; scene_position=&#8221;center&#8221; text_color=&#8221;light&#8221; text_align=&#8221;left&#8221; overlay_strength=&#8221;0.3&#8243; shape_divider_position=&#8221;bottom&#8221; bg_image_animation=&#8221;none&#8221; shape_type=&#8221;&#8221;][vc_column centered_text=&#8221;true&#8221; column_padding=&#8221;padding-8-percent&#8221; column_padding_position=&#8221;all&#8221; background_color=&#8221;#2d2d2d&#8221; background_color_opacity=&#8221;0.6&#8243; background_hover_color_opacity=&#8221;0.6&#8243; background_image=&#8221;6106&#8243; enable_bg_scale=&#8221;true&#8221; column_link_target=&#8221;_self&#8221; column_shadow=&#8221;none&#8221; column_border_radius=&#8221;none&#8221; width=&#8221;1\/3&#8243; tablet_width_inherit=&#8221;default&#8221; tablet_text_alignment=&#8221;default&#8221; phone_text_alignment=&#8221;default&#8221; column_border_width=&#8221;none&#8221; column_border_style=&#8221;solid&#8221; bg_image_animation=&#8221;none&#8221; enable_animation=&#8221;true&#8221; animation=&#8221;grow-in&#8221;][vc_custom_heading text=&#8221;Qu\u00e9 ofrecemos&#8221; font_container=&#8221;tag:h5|text_align:center|color:rgba(255%2C255%2C255%2C0.7)&#8221; use_theme_fonts=&#8221;yes&#8221;][vc_custom_heading text=&#8221;Preservaci\u00f3n de los amimentos sin modificar las caracter\u00edsticas organol\u00e9pticas. Tratamiento por Alta Presi\u00f3n Hidrost\u00e1tica&#8221; font_container=&#8221;tag:h4|text_align:center&#8221; use_theme_fonts=&#8221;yes&#8221;][nectar_btn size=&#8221;large&#8221; button_style=&#8221;see-through-2&#8243; hover_text_color_override=&#8221;#ffffff&#8221; icon_family=&#8221;none&#8221; url=&#8221;\/index.php\/es\/que-ofrecemos\/preservacion-de-los-alimentos\/&#8221; text=&#8221;SABER M\u00c1S&#8221; margin_top=&#8221;25&#8243;][\/vc_column][vc_column centered_text=&#8221;true&#8221; column_padding=&#8221;padding-8-percent&#8221; column_padding_position=&#8221;all&#8221; background_color=&#8221;#0a0a0a&#8221; background_color_opacity=&#8221;0.3&#8243; background_color_hover=&#8221;#0a0a0a&#8221; background_hover_color_opacity=&#8221;0.3&#8243; background_image=&#8221;6038&#8243; enable_bg_scale=&#8221;true&#8221; column_link_target=&#8221;_self&#8221; column_shadow=&#8221;none&#8221; column_border_radius=&#8221;none&#8221; width=&#8221;1\/3&#8243; tablet_width_inherit=&#8221;default&#8221; tablet_text_alignment=&#8221;default&#8221; phone_text_alignment=&#8221;default&#8221; column_border_width=&#8221;none&#8221; column_border_style=&#8221;solid&#8221; bg_image_animation=&#8221;none&#8221; enable_animation=&#8221;true&#8221; animation=&#8221;grow-in&#8221; delay=&#8221;50&#8243;][vc_custom_heading text=&#8221;Qu\u00e9 ofrecemos&#8221; font_container=&#8221;tag:h5|text_align:center|color:rgba(255%2C255%2C255%2C0.7)&#8221; use_theme_fonts=&#8221;yes&#8221;][vc_custom_heading text=&#8221;Valorizaci\u00f3n de sub-productos&#8221; font_container=&#8221;tag:h4|text_align:center&#8221; use_theme_fonts=&#8221;yes&#8221;][nectar_btn size=&#8221;large&#8221; button_style=&#8221;see-through-2&#8243; hover_text_color_override=&#8221;#ffffff&#8221; icon_family=&#8221;none&#8221; url=&#8221;\/index.php\/es\/que-ofrecemos\/valorizacion-de-sub-productos\/&#8221; text=&#8221;SABER M\u00c1S&#8221; margin_top=&#8221;25&#8243;][\/vc_column][vc_column centered_text=&#8221;true&#8221; column_padding=&#8221;padding-8-percent&#8221; column_padding_position=&#8221;all&#8221; background_color=&#8221;#2d2d2d&#8221; background_color_opacity=&#8221;0.7&#8243; background_hover_color_opacity=&#8221;0.7&#8243; background_image=&#8221;6113&#8243; enable_bg_scale=&#8221;true&#8221; column_link_target=&#8221;_self&#8221; column_shadow=&#8221;none&#8221; column_border_radius=&#8221;none&#8221; width=&#8221;1\/3&#8243; tablet_width_inherit=&#8221;default&#8221; tablet_text_alignment=&#8221;default&#8221; phone_text_alignment=&#8221;default&#8221; column_border_width=&#8221;none&#8221; column_border_style=&#8221;solid&#8221; bg_image_animation=&#8221;none&#8221; enable_animation=&#8221;true&#8221; animation=&#8221;grow-in&#8221; delay=&#8221;100&#8243;][vc_custom_heading text=&#8221;Qu\u00e9 ofrecemos&#8221; font_container=&#8221;tag:h5|text_align:center|color:rgba(255%2C255%2C255%2C0.7)&#8221; use_theme_fonts=&#8221;yes&#8221;][vc_custom_heading text=&#8221;Desarrollo y evaluaci\u00f3n de productos de panificaci\u00f3n y boller\u00eda&#8221; font_container=&#8221;tag:h4|text_align:center&#8221; use_theme_fonts=&#8221;yes&#8221;][nectar_btn size=&#8221;large&#8221; button_style=&#8221;see-through-2&#8243; hover_text_color_override=&#8221;#ffffff&#8221; icon_family=&#8221;none&#8221; url=&#8221;\/index.php\/es\/que-ofrecemos\/productos-de-panificacion\/&#8221; text=&#8221;SABER M\u00c1S&#8221; margin_top=&#8221;25&#8243;][\/vc_column][\/vc_row][vc_row type=&#8221;in_container&#8221; full_screen_row_position=&#8221;middle&#8221; equal_height=&#8221;yes&#8221; content_placement=&#8221;middle&#8221; scene_position=&#8221;center&#8221; text_color=&#8221;light&#8221; text_align=&#8221;left&#8221; overlay_strength=&#8221;0.3&#8243; shape_divider_position=&#8221;bottom&#8221; bg_image_animation=&#8221;none&#8221; shape_type=&#8221;&#8221;][vc_column centered_text=&#8221;true&#8221; column_padding=&#8221;padding-8-percent&#8221; column_padding_position=&#8221;all&#8221; background_color=&#8221;#2d2d2d&#8221; background_color_opacity=&#8221;0.6&#8243; background_hover_color_opacity=&#8221;0.6&#8243; background_image=&#8221;7100&#8243; enable_bg_scale=&#8221;true&#8221; column_link_target=&#8221;_self&#8221; column_shadow=&#8221;none&#8221; column_border_radius=&#8221;none&#8221; width=&#8221;1\/3&#8243; tablet_width_inherit=&#8221;default&#8221; tablet_text_alignment=&#8221;default&#8221; phone_text_alignment=&#8221;default&#8221; column_border_width=&#8221;none&#8221; column_border_style=&#8221;solid&#8221; bg_image_animation=&#8221;none&#8221; enable_animation=&#8221;true&#8221; animation=&#8221;grow-in&#8221;][vc_custom_heading text=&#8221;Qu\u00e9 ofrecemos&#8221; font_container=&#8221;tag:h5|text_align:center|color:rgba(255%2C255%2C255%2C0.7)&#8221; use_theme_fonts=&#8221;yes&#8221;][vc_custom_heading text=&#8221;Sistemas \u00f3pticos&#8221; font_container=&#8221;tag:h4|text_align:center&#8221; use_theme_fonts=&#8221;yes&#8221;][nectar_btn size=&#8221;large&#8221; button_style=&#8221;see-through-2&#8243; hover_text_color_override=&#8221;#ffffff&#8221; icon_family=&#8221;none&#8221; url=&#8221;https:\/\/certa.uab.cat\/index.php\/es\/que-ofrecemos\/sistemas-opticos-2\/&#8221; text=&#8221;SABER M\u00c1S&#8221; margin_top=&#8221;25&#8243;][\/vc_column][vc_column centered_text=&#8221;true&#8221; column_padding=&#8221;padding-8-percent&#8221; column_padding_position=&#8221;all&#8221; background_color=&#8221;#0a0a0a&#8221; background_color_opacity=&#8221;0.3&#8243; background_color_hover=&#8221;#0a0a0a&#8221; background_hover_color_opacity=&#8221;0.3&#8243; background_image=&#8221;6042&#8243; enable_bg_scale=&#8221;true&#8221; column_link_target=&#8221;_self&#8221; column_shadow=&#8221;none&#8221; column_border_radius=&#8221;none&#8221; width=&#8221;1\/3&#8243; tablet_width_inherit=&#8221;default&#8221; tablet_text_alignment=&#8221;default&#8221; phone_text_alignment=&#8221;default&#8221; column_border_width=&#8221;none&#8221; column_border_style=&#8221;solid&#8221; bg_image_animation=&#8221;none&#8221; enable_animation=&#8221;true&#8221; animation=&#8221;grow-in&#8221; delay=&#8221;50&#8243;][vc_custom_heading text=&#8221;Qu\u00e9 ofrecemos&#8221; font_container=&#8221;tag:h5|text_align:center|color:rgba(255%2C255%2C255%2C0.7)&#8221; use_theme_fonts=&#8221;yes&#8221;][vc_custom_heading text=&#8221;Actividad coagulante&#8221; font_container=&#8221;tag:h4|text_align:center&#8221; use_theme_fonts=&#8221;yes&#8221;][nectar_btn size=&#8221;large&#8221; button_style=&#8221;see-through-2&#8243; hover_text_color_override=&#8221;#ffffff&#8221; icon_family=&#8221;none&#8221; url=&#8221;\/index.php\/es\/que-ofrecemos\/actividad-de-coagulacion\/&#8221; text=&#8221;SABER M\u00c1S&#8221; margin_top=&#8221;25&#8243;][\/vc_column][vc_column centered_text=&#8221;true&#8221; column_padding=&#8221;padding-8-percent&#8221; column_padding_position=&#8221;all&#8221; background_color=&#8221;#2d2d2d&#8221; background_color_opacity=&#8221;0.7&#8243; background_hover_color_opacity=&#8221;0.7&#8243; background_image=&#8221;6114&#8243; enable_bg_scale=&#8221;true&#8221; column_link_target=&#8221;_self&#8221; column_shadow=&#8221;none&#8221; column_border_radius=&#8221;none&#8221; width=&#8221;1\/3&#8243; tablet_width_inherit=&#8221;default&#8221; tablet_text_alignment=&#8221;default&#8221; phone_text_alignment=&#8221;default&#8221; column_border_width=&#8221;none&#8221; column_border_style=&#8221;solid&#8221; bg_image_animation=&#8221;none&#8221; enable_animation=&#8221;true&#8221; animation=&#8221;grow-in&#8221; delay=&#8221;100&#8243;][vc_custom_heading text=&#8221;Qu\u00e9 ofrecemos&#8221; font_container=&#8221;tag:h5|text_align:center|color:rgba(255%2C255%2C255%2C0.7)&#8221; use_theme_fonts=&#8221;yes&#8221;][vc_custom_heading text=&#8221;Evaluaci\u00f3n, planificaci\u00f3n, dise\u00f1o y realizaci\u00f3n de estudios con microorganismos pat\u00f3genos, marcadores o alteradores.&#8221; font_container=&#8221;tag:h4|text_align:center&#8221; use_theme_fonts=&#8221;yes&#8221;][nectar_btn size=&#8221;large&#8221; button_style=&#8221;see-through-2&#8243; hover_text_color_override=&#8221;#ffffff&#8221; icon_family=&#8221;none&#8221; url=&#8221;\/index.php\/es\/que-ofrecemos\/estudios-con-microorganismos\/&#8221; text=&#8221;SABER M\u00c1S&#8221; margin_top=&#8221;25&#8243;][\/vc_column][\/vc_row][vc_row type=&#8221;in_container&#8221; full_screen_row_position=&#8221;middle&#8221; equal_height=&#8221;yes&#8221; content_placement=&#8221;middle&#8221; scene_position=&#8221;center&#8221; text_color=&#8221;light&#8221; text_align=&#8221;left&#8221; overlay_strength=&#8221;0.3&#8243; shape_divider_position=&#8221;bottom&#8221; bg_image_animation=&#8221;none&#8221; shape_type=&#8221;&#8221;][vc_column centered_text=&#8221;true&#8221; column_padding=&#8221;padding-8-percent&#8221; column_padding_position=&#8221;all&#8221; background_color=&#8221;#2d2d2d&#8221; background_color_opacity=&#8221;0.6&#8243; background_hover_color_opacity=&#8221;0.6&#8243; background_image=&#8221;6140&#8243; enable_bg_scale=&#8221;true&#8221; column_link_target=&#8221;_self&#8221; column_shadow=&#8221;none&#8221; column_border_radius=&#8221;none&#8221; width=&#8221;1\/3&#8243; tablet_width_inherit=&#8221;default&#8221; tablet_text_alignment=&#8221;default&#8221; phone_text_alignment=&#8221;default&#8221; column_border_width=&#8221;none&#8221; column_border_style=&#8221;solid&#8221; bg_image_animation=&#8221;none&#8221; enable_animation=&#8221;true&#8221; animation=&#8221;grow-in&#8221;][vc_custom_heading text=&#8221;Qu\u00e9 ofrecemos&#8221; font_container=&#8221;tag:h5|text_align:center|color:rgba(255%2C255%2C255%2C0.7)&#8221; use_theme_fonts=&#8221;yes&#8221;][vc_custom_heading text=&#8221;Formaci\u00f3n&#8221; font_container=&#8221;tag:h4|text_align:center&#8221; use_theme_fonts=&#8221;yes&#8221;][nectar_btn size=&#8221;large&#8221; button_style=&#8221;see-through-2&#8243; hover_text_color_override=&#8221;#ffffff&#8221; icon_family=&#8221;none&#8221; url=&#8221;\/index.php\/es\/que-ofrecemos\/formacion\/&#8221; text=&#8221;SABER M\u00c1S&#8221; margin_top=&#8221;25&#8243;][\/vc_column][vc_column centered_text=&#8221;true&#8221; column_padding=&#8221;padding-8-percent&#8221; column_padding_position=&#8221;all&#8221; background_color_opacity=&#8221;0.3&#8243; background_hover_color_opacity=&#8221;0.3&#8243; column_link_target=&#8221;_self&#8221; column_shadow=&#8221;none&#8221; column_border_radius=&#8221;none&#8221; width=&#8221;1\/3&#8243; tablet_width_inherit=&#8221;default&#8221; tablet_text_alignment=&#8221;default&#8221; phone_text_alignment=&#8221;default&#8221; column_border_width=&#8221;none&#8221; column_border_style=&#8221;solid&#8221; bg_image_animation=&#8221;none&#8221; enable_animation=&#8221;true&#8221; animation=&#8221;grow-in&#8221; delay=&#8221;50&#8243;][\/vc_column][vc_column centered_text=&#8221;true&#8221; column_padding=&#8221;padding-8-percent&#8221; column_padding_position=&#8221;all&#8221; background_color_opacity=&#8221;0.7&#8243; background_hover_color_opacity=&#8221;0.7&#8243; column_link_target=&#8221;_self&#8221; column_shadow=&#8221;none&#8221; column_border_radius=&#8221;none&#8221; width=&#8221;1\/3&#8243; tablet_width_inherit=&#8221;default&#8221; tablet_text_alignment=&#8221;default&#8221; phone_text_alignment=&#8221;default&#8221; column_border_width=&#8221;none&#8221; column_border_style=&#8221;solid&#8221; bg_image_animation=&#8221;none&#8221; enable_animation=&#8221;true&#8221; animation=&#8221;grow-in&#8221; delay=&#8221;100&#8243;][\/vc_column][\/vc_row]\n","protected":false},"excerpt":{"rendered":"<p>[vc_row type=&#8221;full_width_background&#8221; full_screen_row_position=&#8221;middle&#8221; equal_height=&#8221;yes&#8221; content_placement=&#8221;middle&#8221; bg_image=&#8221;5905&#8243; bg_position=&#8221;center center&#8221; bg_repeat=&#8221;no-repeat&#8221; scene_position=&#8221;center&#8221; text_color=&#8221;light&#8221; text_align=&#8221;left&#8221; top_padding=&#8221;8%&#8221; bottom_padding=&#8221;8%&#8221; color_overlay=&#8221;rgba(10,6,6,0.84)&#8221; overlay_strength=&#8221;0.5&#8243; shape_divider_position=&#8221;bottom&#8221; bg_image_animation=&#8221;none&#8221; parallax_bg=&#8221;true&#8221; parallax_bg_speed=&#8221;slow&#8221; shape_type=&#8221;&#8221;][vc_column column_padding=&#8221;no-extra-padding&#8221; column_padding_position=&#8221;all&#8221; background_color_opacity=&#8221;1&#8243; background_hover_color_opacity=&#8221;1&#8243;&#8230;<\/p>\n","protected":false},"author":1,"featured_media":0,"parent":0,"menu_order":0,"comment_status":"closed","ping_status":"closed","template":"","meta":[],"aioseo_notices":[],"_links":{"self":[{"href":"https:\/\/certa.uab.cat\/index.php\/wp-json\/wp\/v2\/pages\/6421"}],"collection":[{"href":"https:\/\/certa.uab.cat\/index.php\/wp-json\/wp\/v2\/pages"}],"about":[{"href":"https:\/\/certa.uab.cat\/index.php\/wp-json\/wp\/v2\/types\/page"}],"author":[{"embeddable":true,"href":"https:\/\/certa.uab.cat\/index.php\/wp-json\/wp\/v2\/users\/1"}],"replies":[{"embeddable":true,"href":"https:\/\/certa.uab.cat\/index.php\/wp-json\/wp\/v2\/comments?post=6421"}],"version-history":[{"count":8,"href":"https:\/\/certa.uab.cat\/index.php\/wp-json\/wp\/v2\/pages\/6421\/revisions"}],"predecessor-version":[{"id":7115,"href":"https:\/\/certa.uab.cat\/index.php\/wp-json\/wp\/v2\/pages\/6421\/revisions\/7115"}],"wp:attachment":[{"href":"https:\/\/certa.uab.cat\/index.php\/wp-json\/wp\/v2\/media?parent=6421"}],"curies":[{"name":"wp","href":"https:\/\/api.w.org\/{rel}","templated":true}]}}