{"id":6369,"date":"2019-10-03T12:25:22","date_gmt":"2019-10-03T12:25:22","guid":{"rendered":"https:\/\/certa.uab.cat\/?page_id=6369"},"modified":"2022-12-02T10:03:34","modified_gmt":"2022-12-02T10:03:34","slug":"josep-yuste","status":"publish","type":"page","link":"https:\/\/certa.uab.cat\/index.php\/equip\/josep-yuste\/","title":{"rendered":"Josep Yuste"},"content":{"rendered":"[vc_row type=&#8221;full_width_background&#8221; full_screen_row_position=&#8221;middle&#8221; scene_position=&#8221;center&#8221; text_color=&#8221;dark&#8221; text_align=&#8221;left&#8221; overlay_strength=&#8221;0.3&#8243; shape_divider_position=&#8221;bottom&#8221; bg_image_animation=&#8221;none&#8221; shape_type=&#8221;&#8221;][vc_column column_padding=&#8221;no-extra-padding&#8221; column_padding_position=&#8221;all&#8221; background_color_opacity=&#8221;1&#8243; background_hover_color_opacity=&#8221;1&#8243; column_link_target=&#8221;_self&#8221; column_shadow=&#8221;none&#8221; column_border_radius=&#8221;none&#8221; top_margin=&#8221;-3%&#8221; width=&#8221;1\/4&#8243; tablet_width_inherit=&#8221;default&#8221; tablet_text_alignment=&#8221;default&#8221; phone_text_alignment=&#8221;default&#8221; column_border_width=&#8221;none&#8221; column_border_style=&#8221;solid&#8221; bg_image_animation=&#8221;none&#8221;][vc_row_inner column_margin=&#8221;default&#8221; translate_y=&#8221;13%&#8221; text_align=&#8221;left&#8221;][vc_column_inner column_padding=&#8221;no-extra-padding&#8221; column_padding_position=&#8221;all&#8221; background_color_opacity=&#8221;1&#8243; background_hover_color_opacity=&#8221;1&#8243; column_shadow=&#8221;none&#8221; column_border_radius=&#8221;none&#8221; column_link_target=&#8221;_self&#8221; width=&#8221;1\/1&#8243; tablet_width_inherit=&#8221;default&#8221; column_border_width=&#8221;none&#8221; column_border_style=&#8221;solid&#8221; bg_image_animation=&#8221;none&#8221; enable_animation=&#8221;true&#8221; animation=&#8221;fade-in-from-left&#8221;][image_with_animation image_url=&#8221;6206&#8243; alignment=&#8221;right&#8221; animation=&#8221;None&#8221; border_radius=&#8221;10px&#8221; box_shadow=&#8221;x_large_depth&#8221; max_width=&#8221;100%&#8221;][\/vc_column_inner][\/vc_row_inner][\/vc_column][vc_column column_padding=&#8221;padding-4-percent&#8221; column_padding_position=&#8221;all&#8221; background_color_opacity=&#8221;1&#8243; background_hover_color_opacity=&#8221;1&#8243; column_link_target=&#8221;_self&#8221; column_shadow=&#8221;none&#8221; column_border_radius=&#8221;none&#8221; top_margin=&#8221;4%&#8221; width=&#8221;3\/4&#8243; tablet_width_inherit=&#8221;default&#8221; tablet_text_alignment=&#8221;default&#8221; phone_text_alignment=&#8221;default&#8221; column_border_width=&#8221;none&#8221; column_border_style=&#8221;solid&#8221; bg_image_animation=&#8221;none&#8221;][vc_row_inner column_margin=&#8221;default&#8221; text_align=&#8221;left&#8221;][vc_column_inner column_padding=&#8221;no-extra-padding&#8221; column_padding_position=&#8221;all&#8221; background_color_opacity=&#8221;1&#8243; background_hover_color_opacity=&#8221;1&#8243; column_shadow=&#8221;none&#8221; column_border_radius=&#8221;none&#8221; column_link_target=&#8221;_self&#8221; width=&#8221;1\/1&#8243; tablet_width_inherit=&#8221;default&#8221; column_border_width=&#8221;none&#8221; column_border_style=&#8221;solid&#8221; bg_image_animation=&#8221;none&#8221; enable_animation=&#8221;true&#8221; animation=&#8221;fade-in-from-bottom&#8221;][vc_custom_heading text=&#8221;EQUIP&#8221; font_container=&#8221;tag:h6|text_align:left|color:%237a7a7a&#8221; use_theme_fonts=&#8221;yes&#8221; css=&#8221;.vc_custom_1563353423419{margin-top: 65px !important;margin-bottom: 10px !important;}&#8221;][vc_custom_heading text=&#8221;Josep Yuste&#8221; font_container=&#8221;tag:h2|font_size:40|text_align:left|line_height:50px&#8221; use_theme_fonts=&#8221;yes&#8221; css=&#8221;.vc_custom_1570103982869{margin-bottom: 30px !important;}&#8221;][\/vc_column_inner][\/vc_row_inner][vc_row_inner column_margin=&#8221;default&#8221; text_align=&#8221;left&#8221;][vc_column_inner column_padding=&#8221;no-extra-padding&#8221; column_padding_position=&#8221;all&#8221; background_color_opacity=&#8221;1&#8243; background_hover_color_opacity=&#8221;1&#8243; column_shadow=&#8221;none&#8221; column_border_radius=&#8221;none&#8221; column_link_target=&#8221;_self&#8221; width=&#8221;1\/1&#8243; tablet_width_inherit=&#8221;default&#8221; column_border_width=&#8221;none&#8221; column_border_style=&#8221;solid&#8221; bg_image_animation=&#8221;none&#8221;]<div class=\"nectar-fancy-ul\" data-list-icon=\"icon-salient-thin-line\" data-animation=\"false\" data-animation-delay=\"0\" data-color=\"accent-color\" data-spacing=\"default\" data-alignment=\"left\"> \n<ul>\n<li class=\"cos_taula_dades\">Facultat:\u00a0<a href=\"https:\/\/www.uab.cat\/veterinaria\/\">Facultat de Veterin\u00e0ria<\/a><\/li>\n<li class=\"cos_taula_dades\">Departament:\u00a0<a href=\"https:\/\/www.uab.cat\/web\/departament-de-ciencia-animal-i-dels-aliments-1345750252900.html\">Departament de Ci\u00e8ncia Animal i dels Aliments<\/a><\/li>\n<li>Despatx: <span class=\"cos_taula_dades\">V0\/228<\/span><\/li>\n<li class=\"cos_taula_dades\">Tel\u00e8fon: <span class=\"cos_taula_dades\">93 581 1446<\/span><\/li>\n<li class=\"cos_taula_dades\">Correu electr\u00f2nic: <a class=\"estil_taula_resaltat\"><span class=\"cos_taula_dades\">josep.yuste@uab.cat<\/span><\/a><\/li>\n<\/ul>\n <\/div>[\/vc_column_inner][\/vc_row_inner][\/vc_column][\/vc_row][vc_row type=&#8221;full_width_background&#8221; full_screen_row_position=&#8221;middle&#8221; bg_color=&#8221;#f4f4f4&#8243; scene_position=&#8221;center&#8221; text_color=&#8221;dark&#8221; text_align=&#8221;left&#8221; top_padding=&#8221;4%&#8221; bottom_padding=&#8221;4%&#8221; overlay_strength=&#8221;0.3&#8243; shape_divider_position=&#8221;bottom&#8221; bg_image_animation=&#8221;none&#8221; shape_type=&#8221;&#8221;][vc_column column_padding=&#8221;no-extra-padding&#8221; column_padding_position=&#8221;all&#8221; background_color_opacity=&#8221;1&#8243; background_hover_color_opacity=&#8221;1&#8243; column_link_target=&#8221;_self&#8221; column_shadow=&#8221;none&#8221; column_border_radius=&#8221;none&#8221; width=&#8221;1\/2&#8243; tablet_width_inherit=&#8221;default&#8221; tablet_text_alignment=&#8221;default&#8221; phone_text_alignment=&#8221;default&#8221; column_border_width=&#8221;none&#8221; column_border_style=&#8221;solid&#8221; bg_image_animation=&#8221;none&#8221;][vc_custom_heading text=&#8221;L\u00ednies de recerca&#8221; font_container=&#8221;tag:h3|text_align:left&#8221; use_theme_fonts=&#8221;yes&#8221;][vc_column_text]Grup- Centre d&#8217;Innovaci\u00f3, Recerca i Tecnologia dels Transfer\u00e8ncia a Aliments (CIRTTA)<br \/>\nels camps:<\/p>\n<ul>\n<li style=\"list-style-type: none;\">\n<ul>\n<li>Microbiologia dels Aliments (Seguretat &#8211; Els pat\u00f2gens; Preservaci\u00f3 \/ Deteriorament; M\u00e8todes r\u00e0pids, automatitzaci\u00f3 i miniaturitzaci\u00f3)<\/li>\n<li>Enginyeria d&#8217;Aliments \/ Processos (Processament d&#8217;Alta Pressi\u00f3: microbiol\u00f2gic, fisicoqu\u00edmic i aspectes sensorials)<\/li>\n<\/ul>\n<\/li>\n<\/ul>\n[\/vc_column_text][\/vc_column][vc_column column_padding=&#8221;no-extra-padding&#8221; column_padding_position=&#8221;all&#8221; background_color_opacity=&#8221;1&#8243; background_hover_color_opacity=&#8221;1&#8243; column_link_target=&#8221;_self&#8221; column_shadow=&#8221;none&#8221; column_border_radius=&#8221;none&#8221; width=&#8221;1\/2&#8243; tablet_width_inherit=&#8221;default&#8221; tablet_text_alignment=&#8221;default&#8221; phone_text_alignment=&#8221;default&#8221; column_border_width=&#8221;none&#8221; column_border_style=&#8221;solid&#8221; bg_image_animation=&#8221;none&#8221;][\/vc_column][\/vc_row]\n","protected":false},"excerpt":{"rendered":"<p>[vc_row type=&#8221;full_width_background&#8221; full_screen_row_position=&#8221;middle&#8221; scene_position=&#8221;center&#8221; text_color=&#8221;dark&#8221; text_align=&#8221;left&#8221; overlay_strength=&#8221;0.3&#8243; shape_divider_position=&#8221;bottom&#8221; bg_image_animation=&#8221;none&#8221; shape_type=&#8221;&#8221;][vc_column column_padding=&#8221;no-extra-padding&#8221; column_padding_position=&#8221;all&#8221; background_color_opacity=&#8221;1&#8243; background_hover_color_opacity=&#8221;1&#8243; column_link_target=&#8221;_self&#8221; column_shadow=&#8221;none&#8221; column_border_radius=&#8221;none&#8221; top_margin=&#8221;-3%&#8221; width=&#8221;1\/4&#8243; tablet_width_inherit=&#8221;default&#8221; tablet_text_alignment=&#8221;default&#8221; phone_text_alignment=&#8221;default&#8221; column_border_width=&#8221;none&#8221; column_border_style=&#8221;solid&#8221; bg_image_animation=&#8221;none&#8221;][vc_row_inner&#8230;<\/p>\n","protected":false},"author":1,"featured_media":0,"parent":5884,"menu_order":0,"comment_status":"closed","ping_status":"closed","template":"","meta":[],"aioseo_notices":[],"_links":{"self":[{"href":"https:\/\/certa.uab.cat\/index.php\/wp-json\/wp\/v2\/pages\/6369"}],"collection":[{"href":"https:\/\/certa.uab.cat\/index.php\/wp-json\/wp\/v2\/pages"}],"about":[{"href":"https:\/\/certa.uab.cat\/index.php\/wp-json\/wp\/v2\/types\/page"}],"author":[{"embeddable":true,"href":"https:\/\/certa.uab.cat\/index.php\/wp-json\/wp\/v2\/users\/1"}],"replies":[{"embeddable":true,"href":"https:\/\/certa.uab.cat\/index.php\/wp-json\/wp\/v2\/comments?post=6369"}],"version-history":[{"count":2,"href":"https:\/\/certa.uab.cat\/index.php\/wp-json\/wp\/v2\/pages\/6369\/revisions"}],"predecessor-version":[{"id":7071,"href":"https:\/\/certa.uab.cat\/index.php\/wp-json\/wp\/v2\/pages\/6369\/revisions\/7071"}],"up":[{"embeddable":true,"href":"https:\/\/certa.uab.cat\/index.php\/wp-json\/wp\/v2\/pages\/5884"}],"wp:attachment":[{"href":"https:\/\/certa.uab.cat\/index.php\/wp-json\/wp\/v2\/media?parent=6369"}],"curies":[{"name":"wp","href":"https:\/\/api.w.org\/{rel}","templated":true}]}}